{"id":3037,"date":"2023-11-27T12:36:43","date_gmt":"2023-11-27T12:36:43","guid":{"rendered":"https:\/\/uysaltekstilmakina.com\/?page_id=3037"},"modified":"2024-10-23T07:13:28","modified_gmt":"2024-10-23T07:13:28","slug":"kartela-kesim-makinasi","status":"publish","type":"page","link":"https:\/\/uysaltekstilmakina.com\/?page_id=3037","title":{"rendered":"TRANSFER BASKI MAKI\u0307NASI 2000M"},"content":{"rendered":"<div class=\"wpb-content-wrapper\"><p>[vc_row][vc_column width=&#8221;1\/2&#8243;][vc_column_text]<\/p>\n<table>\n<tbody>\n<tr>\n<td colspan=\"2\" width=\"461\">\n<p><strong>UT101 kuma\u015f transfer bask\u0131 \u00a0makinas\u0131<\/strong><\/p>\n<p><strong>UT101 fabric transfer printing machine<\/strong><\/td>\n<\/tr>\n<tr>\n<td colspan=\"2\" width=\"461\">\n<p><strong>TEKN\u0130K \u00d6ZELL\u0130KLER<\/strong><\/p>\n<p><strong>\u00a0TECHHICIAL SPECIFICATIONST<\/strong><\/td>\n<\/tr>\n<tr>\n<td width=\"196\">\n<p>Silindir cap\u0131<\/p>\n<p>Cylinder bore<\/td>\n<td width=\"265\">600 \u00a0mm<\/td>\n<\/tr>\n<tr>\n<td width=\"196\">\n<p>Silindir boyu<\/p>\n<p>Cylinder size<\/td>\n<td width=\"265\">2000 \u00a0mm<\/td>\n<\/tr>\n<tr>\n<td width=\"196\">\n<p>Kece \u00f6zelli\u011fi<\/p>\n<p>Felt feature<\/td>\n<td width=\"265\">%100 nomex<\/td>\n<\/tr>\n<tr>\n<td width=\"196\">\n<p>Ke\u00e7e gerdirme<\/p>\n<p>felt stretching<\/td>\n<td width=\"265\">\n<p>Pn\u00f6matik sistem<\/p>\n<p>pneumatic system<\/td>\n<\/tr>\n<tr>\n<td width=\"196\">\n<p>Reziztans \u0131s\u0131tma sistemi<\/p>\n<p>Resistance heating system<\/td>\n<td width=\"265\">\n<p>Kapal\u0131 \u00fcnite \u2013 \u0131s\u0131 transfer ya\u011f\u0131<\/p>\n<p>Closed unit \u2013 heat transfer oil<\/td>\n<\/tr>\n<tr>\n<td width=\"196\">\n<p>Elektrik Sarfiyat\u0131<\/p>\n<p>Elect.Consumption<\/td>\n<td width=\"265\">32 kw\/h &#8211; 18kw saat- 380v<\/td>\n<\/tr>\n<tr>\n<td width=\"196\">\n<p>Is\u0131nma ve so\u011fuma s\u00fcresi<\/p>\n<p>Warm-up and cool-down time<\/td>\n<td width=\"265\">\n<p>80 dk. \u0131s\u0131nma \u2013 150 dk. So\u011fuma<\/p>\n<p>80min. warm-up \u2013 150min. cooling down<\/td>\n<\/tr>\n<tr>\n<td width=\"196\">\n<p>Hava Bas\u0131nc\u0131<\/p>\n<p>Air Pressure<\/td>\n<td width=\"265\">8 bar<\/td>\n<\/tr>\n<tr>\n<td width=\"196\">\n<p>\u00c7al\u0131\u015fma H\u0131z\u0131<\/p>\n<p>Working Speed<\/td>\n<td width=\"265\">3-7m\/min.<\/td>\n<\/tr>\n<tr>\n<td width=\"196\">&nbsp;<\/td>\n<td width=\"265\">&nbsp;<\/td>\n<\/tr>\n<\/tbody>\n<\/table>\n<p><strong>\u00a0<\/strong><\/p>\n<p><strong>, \u00a0bu makine printer den c\u0131kan desenli ka\u011f\u0131d\u0131 , bas\u0131c ve \u0131s\u0131 yard\u0131m\u0131yla kuma\u015fa aktar\u0131lmas\u0131n\u0131 sa\u011flar. <\/strong><\/p>\n<p><strong>, \u00a0kece gergi ve y\u00f6n verme sistemi pn\u00f6matiktir.<\/strong><\/p>\n<p><strong>, \u00a0Ka\u011f\u0131t verici ve c\u0131kan ka\u011f\u0131d\u0131 saran miller haval\u0131 mildir.<\/strong><\/p>\n<p><strong>,\u00a0 ka\u011f\u0131t cekici \u00fcniteler ayr\u0131 ayr\u0131 kontrol edilir<\/strong><\/p>\n<p><strong>, \u00a0Acil durumlar i\u00e7in her k\u00f6\u015fede acil stop ve mam\u00fcl giri\u015finde ip stop mevcuttur<\/strong><\/p>\n<p><strong>, \u00a0acil stop durumunda geri cal\u0131\u015fma vard\u0131r<\/strong><\/p>\n<ul>\n<li><strong> kuma\u015f giri\u015finde gergi kelebe\u011fi ve e\u011fri silindir mevcuttur. <\/strong><\/li>\n<li><strong>kuma\u015flardaki k\u0131r\u0131\u015f\u0131klar\u0131 acan, a\u00e7\u0131c\u0131 silindir mevcuttur<\/strong><\/li>\n<\/ul>\n<p><strong>. \u00a0ka\u011f\u0131t vericiler pn\u00f6matik frenli dir<\/strong><\/p>\n<p><strong>, \u00a0mam\u00fcl c\u0131k\u0131\u015f\u0131nda ka\u011f\u0131t ve kuma\u015f\u0131 ay\u0131r\u0131c\u0131 mevcuttur<\/strong><\/p>\n<p><strong>, \u00a0kuma\u015f so\u011futma fan\u0131 mevcuttur<\/strong><\/p>\n<p><strong>\u00a0<\/strong><\/p>\n<p><strong>\u00a0<\/strong><\/p>\n<p><strong>OPS\u0130YONEL S\u0130STEMLER\u00a0<\/strong><\/p>\n<p><strong>\u00a0<\/strong><\/p>\n<p><strong>,\u00a0 silindir \u00e7ap 400mm ile 1000 mm aras\u0131 \u00fcretim<\/strong><\/p>\n<p><strong>,\u00a0 1200 mm ile 4000 mm geni\u015fli\u011finde \u00fcretim<\/strong><\/p>\n<ul>\n<li><strong> ana silindir krom kaplama <\/strong><\/li>\n<\/ul>\n<p><strong>, \u00a0yedek haval\u0131 \u015fi\u015f <\/strong><\/p>\n<p><strong>, \u00a0statik elektrik al\u0131c\u0131 sistem<\/strong><\/p>\n<p><strong>,\u00a0 kuma\u015f sepeti iste\u011fe g\u00f6re fotoselli<\/strong><\/p>\n<p><strong>,\u00a0 harici kuma\u015f sar\u0131m \u00fcnitesi iste\u011fe g\u00f6re fotoselli<\/strong><\/p>\n<p><strong>,\u00a0 kuma\u015f c\u0131k\u0131\u015f\u0131 pastal sallama sistemi<\/strong><\/p>\n<p><strong>\u00a0<\/strong><\/p>\n<p><strong>\u00a0<\/strong><\/p>\n<p><strong>, This machine transfers patterned paper to fabric using heat and pressure.<\/strong><\/p>\n<p><strong>, The felt control system is pneumatic.<\/strong><\/p>\n<p><strong>, The spindles that feed the paper and wrap the output paper are pneumatic spindles.<\/strong><\/p>\n<p><strong>, Paper feeding units are controlled separately.<\/strong><\/p>\n<p><strong>, For emergencies, there is an emergency stop at every corner and a rope stop at the product entrance.<\/strong><\/p>\n<p><strong>, Reverse action possible in emergency situations<\/strong><\/p>\n<ul>\n<li><strong> There is a tension butterfly and curved roller at the fabric entrance.<\/strong><\/li>\n<li><strong> There is an opening roller that removes wrinkles from fabrics.<\/strong><\/li>\n<\/ul>\n<p><strong>. paper dispensers have pneumatic brakes<\/strong><\/p>\n<p><strong>, There is a paper and cloth separator at the product exit.<\/strong><\/p>\n<p><strong>, It has a fan that cools the fabric<\/strong><\/p>\n<p><strong>\u00a0<\/strong><\/p>\n<p><strong>\u00a0<\/strong><\/p>\n<p><strong>ADDITIONAL SYSTEMS<\/strong><\/p>\n<p><strong>\u00a0<\/strong><\/p>\n<p><strong>\u00a0<\/strong><\/p>\n<p><strong>, Production of cylinder diameters between 400mm and 1000mm<\/strong><\/p>\n<p><strong>, Production from 1200 mm to 4000 mm width<\/strong><\/p>\n<ul>\n<li><strong> master cylinder is chrome plated<\/strong><\/li>\n<\/ul>\n<p><strong>, spare shaft<\/strong><\/p>\n<p><strong>, Static electricity removal system<\/strong><\/p>\n<p><strong>, fabric basket with optional photocell<\/strong><\/p>\n<p><strong>, optional photocell outer fabric covering<\/strong><\/p>\n<p><strong>, fabric exit shaking system<\/strong>[\/vc_column_text][\/vc_column][vc_column width=&#8221;1\/2&#8243;][vc_gallery type=&#8221;image_grid&#8221; images=&#8221;3169,3170,3171,3172,3173,3174,3175,3176&#8243; img_size=&#8221;full&#8221;][\/vc_column][\/vc_row]<\/p>\n<\/div>","protected":false},"excerpt":{"rendered":"<p>[vc_row][vc_column width=&#8221;1\/2&#8243;][vc_column_text] UT101 kuma\u015f transfer bask\u0131 \u00a0makinas\u0131 UT101 fabric transfer printing machine TEKN\u0130K \u00d6ZELL\u0130KLER \u00a0TECHHICIAL SPECIFICATIONST Silindir cap\u0131 Cylinder bore 600 \u00a0mm Silindir boyu Cylinder size 2000 \u00a0mm Kece \u00f6zelli\u011fi&hellip;<\/p>\n","protected":false},"author":1,"featured_media":0,"parent":0,"menu_order":0,"comment_status":"closed","ping_status":"closed","template":"","meta":{"footnotes":""},"class_list":["post-3037","page","type-page","status-publish","hentry","no-thumb"],"_links":{"self":[{"href":"https:\/\/uysaltekstilmakina.com\/index.php?rest_route=\/wp\/v2\/pages\/3037","targetHints":{"allow":["GET"]}}],"collection":[{"href":"https:\/\/uysaltekstilmakina.com\/index.php?rest_route=\/wp\/v2\/pages"}],"about":[{"href":"https:\/\/uysaltekstilmakina.com\/index.php?rest_route=\/wp\/v2\/types\/page"}],"author":[{"embeddable":true,"href":"https:\/\/uysaltekstilmakina.com\/index.php?rest_route=\/wp\/v2\/users\/1"}],"replies":[{"embeddable":true,"href":"https:\/\/uysaltekstilmakina.com\/index.php?rest_route=%2Fwp%2Fv2%2Fcomments&post=3037"}],"version-history":[{"count":5,"href":"https:\/\/uysaltekstilmakina.com\/index.php?rest_route=\/wp\/v2\/pages\/3037\/revisions"}],"predecessor-version":[{"id":3198,"href":"https:\/\/uysaltekstilmakina.com\/index.php?rest_route=\/wp\/v2\/pages\/3037\/revisions\/3198"}],"wp:attachment":[{"href":"https:\/\/uysaltekstilmakina.com\/index.php?rest_route=%2Fwp%2Fv2%2Fmedia&parent=3037"}],"curies":[{"name":"wp","href":"https:\/\/api.w.org\/{rel}","templated":true}]}}