{"id":3022,"date":"2023-11-27T12:29:43","date_gmt":"2023-11-27T12:29:43","guid":{"rendered":"https:\/\/uysaltekstilmakina.com\/?page_id=3022"},"modified":"2024-10-23T07:06:33","modified_gmt":"2024-10-23T07:06:33","slug":"kalite-kontrol-ve-rulo-sarma-makinasi","status":"publish","type":"page","link":"https:\/\/uysaltekstilmakina.com\/?page_id=3022","title":{"rendered":"KARTON ROLI\u0307K RULO MAK\u0130NASI"},"content":{"rendered":"<div class=\"wpb-content-wrapper\"><p>[vc_row][vc_column width=&#8221;1\/2&#8243;][vc_column_text]<\/p>\n<table>\n<tbody>\n<tr>\n<td colspan=\"2\" width=\"404\">\n<p><strong>UT115 karton rulo &amp; rolik makinas\u0131<\/strong><\/p>\n<p><strong>UT115 \u00a0cardboard roll machine<\/strong><\/td>\n<\/tr>\n<tr>\n<td colspan=\"2\" width=\"404\">\n<p><strong>TEKN\u0130K \u00d6ZELL\u0130KLER<\/strong><\/p>\n<p><strong>\u00a0TECHHICIAL SPECIFICATIONST<\/strong><\/td>\n<\/tr>\n<tr>\n<td width=\"158\">\n<p>ka\u011f\u0131t kat say\u0131s\u0131<\/p>\n<p>number of paper layers<\/td>\n<td width=\"246\">\n<p>4-16<\/p>\n<p>&nbsp;<\/td>\n<\/tr>\n<tr>\n<td width=\"158\">\n<p>i\u00e7 cap<\/p>\n<p>inner diameter<\/td>\n<td width=\"246\">30 \u2013 80 mm<\/td>\n<\/tr>\n<tr>\n<td width=\"158\">\n<p>Uzunluk<\/p>\n<p>length<\/td>\n<td width=\"246\">500 \u2013 5000 mm<\/td>\n<\/tr>\n<tr>\n<td width=\"158\">\n<p>Kesim sistemi<\/p>\n<p>cutting system<\/td>\n<td width=\"246\">\u00a01-5 b\u0131cak<\/td>\n<\/tr>\n<tr>\n<td width=\"158\">\n<p>Elektrik Sarfiyat\u0131<\/p>\n<p>Elect.Consumption<\/td>\n<td width=\"246\">7 kw\/h<\/td>\n<\/tr>\n<tr>\n<td width=\"158\">\n<p>Hava Bas\u0131nc\u0131<\/p>\n<p>Air Pressure<\/td>\n<td width=\"246\">8 bar<\/td>\n<\/tr>\n<tr>\n<td width=\"158\">\n<p>\u00c7al\u0131\u015fma H\u0131z\u0131<\/p>\n<p>Working Speed<\/td>\n<td width=\"246\">50mm 25 metre \/ dak<\/td>\n<\/tr>\n<\/tbody>\n<\/table>\n<p><strong>* bu makina ka\u011f\u0131t borular\u0131 olu\u015fturma s\u00fcrecini otomatikle\u015ftirmek i\u00e7in \u00f6zel olarak \u00a0tasarlanm\u0131\u015ft\u0131r.<\/strong><\/p>\n<p><strong>* bobin \u00e7a\u011fl\u0131k , tutkallama \u00fcnitesi , boru \u00fcretim kafas\u0131 ve kesim \u00fcnitesi olarak\u00a0 4 guruptan olu\u015fmaktad\u0131r<\/strong><\/p>\n<p><strong>* ham maddesi, ka\u011f\u0131t ve tutkal beslemesiyle bitmi\u015f ka\u011f\u0131t boru \u00fcretme<\/strong><\/p>\n<p><strong>* dijital metre sayac\u0131 , kolay kalibrasyon <\/strong><\/p>\n<p><strong>* tutkallama sistemi pompal\u0131 sistem<\/strong><\/p>\n<p><strong>* Kontrol panelinde makine \u00e7al\u0131\u015fma h\u0131z\u0131, kesim boyu de\u011fi\u015ftirmek olduk\u00e7a kolayd\u0131r<\/strong><\/p>\n<p><strong>\u00a0<\/strong><\/p>\n<p><strong>.Bu makinelerin uygulama buldu\u011fu end\u00fcstrilerden baz\u0131lar\u0131 \u015funlard\u0131r:<\/strong><\/p>\n<ul>\n<li><strong>Tekstil End\u00fcstrisi<\/strong><\/li>\n<li><strong>Ka\u011f\u0131t ve Ambalaj Sanayi<\/strong><\/li>\n<li><strong>Yap\u0131\u015fkan Bant Sanayi<\/strong><\/li>\n<li><strong>Etiket ve \u00c7\u0131kartma Sanayi<\/strong><\/li>\n<li><strong>D\u00f6n\u00fc\u015ft\u00fcrme End\u00fcstrisi<\/strong><\/li>\n<li><strong>Film ve Folyo End\u00fcstrisi<\/strong><\/li>\n<li><strong>Hal\u0131 Sanayi<\/strong><\/li>\n<li><strong>Bant ve Etiket End\u00fcstrisi<\/strong><\/li>\n<\/ul>\n<p><strong>\u00a0<\/strong><\/p>\n<p><strong>\u00a0<\/strong><\/p>\n<p><strong>\u00a0<\/strong><\/p>\n<p><strong>\u00a0<\/strong><\/p>\n<p><strong>\u00a0<\/strong><\/p>\n<p><strong>\u00a0<\/strong><\/p>\n<p><strong>\u00a0<\/strong><\/p>\n<p><strong>\u00a0<\/strong><\/p>\n<p><strong>\u00a0<\/strong><\/p>\n<p><strong>\u00a0<\/strong><\/p>\n<p><strong>\u00a0<\/strong><\/p>\n<p><strong>\u00a0<\/strong><\/p>\n<p><strong>\u00a0<\/strong><\/p>\n<p><strong>\u00a0<\/strong><\/p>\n<p><strong>\u00a0<\/strong><\/p>\n<p>* Ushbu mashina qog&#8217;oz rulosini tayyorlash jarayonini avtomatlashtirish uchun maxsus ishlab chiqilgan.<\/p>\n<p>* Qog&#8217;oz fabrikasi 4 guruhdan iborat: yelimlash moslamasi, rulon ishlab chiqarish boshi va kesish bloki.<\/p>\n<p>* material, qog&#8217;oz va elim bilan oziqlangan tayyor qog&#8217;oz rulolarini ishlab chiqarish<\/p>\n<p>* raqamli hisoblagich hisoblagichi, oson kalibrlash<\/p>\n<p>* elim tizimi nasos tizimi<\/p>\n<p>* Boshqarish paneli orqali mashina tezligini va kesish uzunligini o&#8217;zgartirish juda oson<\/p>\n<p>&nbsp;<\/p>\n<p>&nbsp;<\/p>\n<p>Some of the industries where these machines find application are:<\/p>\n<p>&nbsp;<\/p>\n<ul>\n<li>Textile industry<\/li>\n<li>Paper and Packaging Industry<\/li>\n<li>Adhesive Tape Industry<\/li>\n<li>Label and Decal Industry<\/li>\n<li>Transformation Industry<\/li>\n<li>Film and Foil Industry<\/li>\n<li>Carpet Industry<\/li>\n<li>Tape and Label Industry<\/li>\n<\/ul>\n<p>&nbsp;<\/p>\n<p>&nbsp;<\/p>\n<p>&nbsp;<\/p>\n<p>&nbsp;<\/p>\n<p>&nbsp;<\/p>\n<p>&nbsp;<\/p>\n<p>&nbsp;<\/p>\n<p>&nbsp;<\/p>\n<p>&nbsp;<\/p>\n<p>&nbsp;<\/p>\n<p>&nbsp;<\/p>\n<p>&nbsp;<\/p>\n<p>&nbsp;[\/vc_column_text][\/vc_column][vc_column width=&#8221;1\/2&#8243;][vc_gallery type=&#8221;image_grid&#8221; images=&#8221;3133,3134,3135&#8243; img_size=&#8221;full&#8221;][\/vc_column][\/vc_row]<\/p>\n<\/div>","protected":false},"excerpt":{"rendered":"<p>[vc_row][vc_column width=&#8221;1\/2&#8243;][vc_column_text] UT115 karton rulo &amp; rolik makinas\u0131 UT115 \u00a0cardboard roll machine TEKN\u0130K \u00d6ZELL\u0130KLER \u00a0TECHHICIAL SPECIFICATIONST ka\u011f\u0131t kat say\u0131s\u0131 number of paper layers 4-16 &nbsp; i\u00e7 cap inner diameter 30&hellip;<\/p>\n","protected":false},"author":1,"featured_media":0,"parent":0,"menu_order":0,"comment_status":"closed","ping_status":"closed","template":"","meta":{"footnotes":""},"class_list":["post-3022","page","type-page","status-publish","hentry","no-thumb"],"_links":{"self":[{"href":"https:\/\/uysaltekstilmakina.com\/index.php?rest_route=\/wp\/v2\/pages\/3022","targetHints":{"allow":["GET"]}}],"collection":[{"href":"https:\/\/uysaltekstilmakina.com\/index.php?rest_route=\/wp\/v2\/pages"}],"about":[{"href":"https:\/\/uysaltekstilmakina.com\/index.php?rest_route=\/wp\/v2\/types\/page"}],"author":[{"embeddable":true,"href":"https:\/\/uysaltekstilmakina.com\/index.php?rest_route=\/wp\/v2\/users\/1"}],"replies":[{"embeddable":true,"href":"https:\/\/uysaltekstilmakina.com\/index.php?rest_route=%2Fwp%2Fv2%2Fcomments&post=3022"}],"version-history":[{"count":5,"href":"https:\/\/uysaltekstilmakina.com\/index.php?rest_route=\/wp\/v2\/pages\/3022\/revisions"}],"predecessor-version":[{"id":3196,"href":"https:\/\/uysaltekstilmakina.com\/index.php?rest_route=\/wp\/v2\/pages\/3022\/revisions\/3196"}],"wp:attachment":[{"href":"https:\/\/uysaltekstilmakina.com\/index.php?rest_route=%2Fwp%2Fv2%2Fmedia&parent=3022"}],"curies":[{"name":"wp","href":"https:\/\/api.w.org\/{rel}","templated":true}]}}