{"id":3019,"date":"2023-11-27T12:28:46","date_gmt":"2023-11-27T12:28:46","guid":{"rendered":"https:\/\/uysaltekstilmakina.com\/?page_id=3019"},"modified":"2024-10-23T07:10:58","modified_gmt":"2024-10-23T07:10:58","slug":"masa-tipi-rulo-sarma-ve-metreleme-makinasi","status":"publish","type":"page","link":"https:\/\/uysaltekstilmakina.com\/?page_id=3019","title":{"rendered":"KARTELA MAKI\u0307NASI"},"content":{"rendered":"<div class=\"wpb-content-wrapper\"><p>[vc_row][vc_column width=&#8221;1\/2&#8243;][vc_column_text]<\/p>\n<table>\n<tbody>\n<tr>\n<td colspan=\"2\" width=\"404\">\n<p>UT110 otomatik NUMUNE KUMA\u015e KESME MAK\u0130NES\u0130<\/p>\n<p><strong>UT110 <\/strong>AUTOMATIC SAMPLE FABRIC CUTTING MACHINE<\/td>\n<\/tr>\n<tr>\n<td colspan=\"2\" width=\"404\">\n<p><strong>TEKN\u0130K \u00d6ZELL\u0130KLER<\/strong><\/p>\n<p><strong>\u00a0TECHHICIAL SPECIFICATIONST<\/strong><\/td>\n<\/tr>\n<tr>\n<td width=\"149\">\n<p>Kuma\u015fCinsi<\/p>\n<p>Fabric Type<\/td>\n<td width=\"255\">\n<p>T\u00fcm ce\u015fitler<\/p>\n<p>All varieties<\/td>\n<\/tr>\n<tr>\n<td width=\"149\">\n<p>Kuma\u015f Eni<\/p>\n<p>Fabric Width<\/td>\n<td width=\"255\">\u00a0500 \u00a0mm<\/td>\n<\/tr>\n<tr>\n<td width=\"149\">\n<p>Elektrik Sarfiyat\u0131<\/p>\n<p>Elect.Consumption<\/td>\n<td width=\"255\">1.5 kw\/h<\/td>\n<\/tr>\n<tr>\n<td width=\"149\">\n<p>\u00c7al\u0131\u015fma H\u0131z\u0131<\/p>\n<p>Working Speed<\/td>\n<td width=\"255\">\n<p>20 adet \/ dak<\/p>\n<p>20 pcs\/min<\/td>\n<\/tr>\n<\/tbody>\n<\/table>\n<p>&nbsp;<\/p>\n<p><strong>,\u00a0 Numune kuma\u015f veya kartela kuma\u015f\u0131n\u0131 \u00fcst \u00fcste koyarak desenli kesim yapan makinad\u0131r<\/strong><\/p>\n<p><strong>, \u00c7ift el kumandal\u0131, elektrikli otomatik kesme sistemi ile emniyetli \u00e7al\u0131\u015fma<\/strong><\/p>\n<p><strong>, \u00a0Kesme k\u0131lavuzu \u00f6l\u00e7ekli cetvel ile hatas\u0131z \u00a0kuma\u015f kesme. <\/strong><\/p>\n<p><strong>\u00a0<\/strong><\/p>\n<p><strong>, It is a machine that cuts patterns by stacking sample fabrics or color chart fabrics on top of each other.<\/strong><\/p>\n<p><strong>, Safe operation with two-hand control, electric automatic cutting system<\/strong><\/p>\n<p><strong>, \u00a0Error-free fabric cutting with the cutting guide ruler.<\/strong><\/p>\n<p><strong>\u00a0<\/strong><\/p>\n<p><strong>\u00a0<\/strong><\/p>\n<p><strong>Opsiyonel secenekler<\/strong><\/p>\n<p><strong>\u00a0<\/strong><\/p>\n<p><strong>, 80 &#8211; 100 cm geni\u015f makine imkan\u0131<\/strong><\/p>\n<p><strong>, Sa\u011fa ve sola otomatik tablo se\u00e7ene\u011fi<\/strong><\/p>\n<p><strong>, Kesme yeri lazer \u00e7izgi se\u00e7ene\u011fi<\/strong><\/p>\n<p><strong>\u00a0<\/strong><\/p>\n<p><strong>\u00a0<\/strong><\/p>\n<p><strong>Optional options<\/strong><\/p>\n<p><strong>\u00a0<\/strong><\/p>\n<p><strong>, 80 &#8211; 100 cm wide machine possibility<\/strong><\/p>\n<p><strong>, Option to automatically move left and right<\/strong><\/p>\n<p><strong>, Cutting position laser line option<\/strong>[\/vc_column_text][\/vc_column][vc_column width=&#8221;1\/2&#8243;][vc_gallery type=&#8221;image_grid&#8221; images=&#8221;3125,3126,3127,3128,3129,3130&#8243; img_size=&#8221;full&#8221;][\/vc_column][\/vc_row]<\/p>\n<\/div>","protected":false},"excerpt":{"rendered":"<p>[vc_row][vc_column width=&#8221;1\/2&#8243;][vc_column_text] UT110 otomatik NUMUNE KUMA\u015e KESME MAK\u0130NES\u0130 UT110 AUTOMATIC SAMPLE FABRIC CUTTING MACHINE TEKN\u0130K \u00d6ZELL\u0130KLER \u00a0TECHHICIAL SPECIFICATIONST Kuma\u015fCinsi Fabric Type T\u00fcm ce\u015fitler All varieties Kuma\u015f Eni Fabric Width \u00a0500&hellip;<\/p>\n","protected":false},"author":1,"featured_media":0,"parent":0,"menu_order":0,"comment_status":"closed","ping_status":"closed","template":"","meta":{"footnotes":""},"class_list":["post-3019","page","type-page","status-publish","hentry","no-thumb"],"_links":{"self":[{"href":"https:\/\/uysaltekstilmakina.com\/index.php?rest_route=\/wp\/v2\/pages\/3019","targetHints":{"allow":["GET"]}}],"collection":[{"href":"https:\/\/uysaltekstilmakina.com\/index.php?rest_route=\/wp\/v2\/pages"}],"about":[{"href":"https:\/\/uysaltekstilmakina.com\/index.php?rest_route=\/wp\/v2\/types\/page"}],"author":[{"embeddable":true,"href":"https:\/\/uysaltekstilmakina.com\/index.php?rest_route=\/wp\/v2\/users\/1"}],"replies":[{"embeddable":true,"href":"https:\/\/uysaltekstilmakina.com\/index.php?rest_route=%2Fwp%2Fv2%2Fcomments&post=3019"}],"version-history":[{"count":5,"href":"https:\/\/uysaltekstilmakina.com\/index.php?rest_route=\/wp\/v2\/pages\/3019\/revisions"}],"predecessor-version":[{"id":3197,"href":"https:\/\/uysaltekstilmakina.com\/index.php?rest_route=\/wp\/v2\/pages\/3019\/revisions\/3197"}],"wp:attachment":[{"href":"https:\/\/uysaltekstilmakina.com\/index.php?rest_route=%2Fwp%2Fv2%2Fmedia&parent=3019"}],"curies":[{"name":"wp","href":"https:\/\/api.w.org\/{rel}","templated":true}]}}