{"id":3016,"date":"2023-11-27T12:27:33","date_gmt":"2023-11-27T12:27:33","guid":{"rendered":"https:\/\/uysaltekstilmakina.com\/?page_id=3016"},"modified":"2024-10-23T07:05:43","modified_gmt":"2024-10-23T07:05:43","slug":"brode-kupon-kesme-makinasi","status":"publish","type":"page","link":"https:\/\/uysaltekstilmakina.com\/?page_id=3016","title":{"rendered":"KALI\u0307TE KONTROL VE RULO SARMA MAKI\u0307NASI ESNEK"},"content":{"rendered":"<div class=\"wpb-content-wrapper\"><p>[vc_row][vc_column width=&#8221;1\/2&#8243;][vc_column_text]<\/p>\n<table>\n<tbody>\n<tr>\n<td colspan=\"2\" width=\"404\">\n<p><strong>UT108 esnek kuma\u015f kontrol ve rulo sarma makinas\u0131 <\/strong><\/p>\n<p><strong>UT108 Flexible Fabric Quality Control Roll Wrapping Machine<\/strong><\/td>\n<\/tr>\n<tr>\n<td colspan=\"2\" width=\"404\">\n<p><strong>TEKN\u0130K \u00d6ZELL\u0130KLER<\/strong><\/p>\n<p><strong>\u00a0TECHHICIAL SPECIFICATIONST<\/strong><\/td>\n<\/tr>\n<tr>\n<td width=\"149\">\n<p>Kuma\u015fCinsi<\/p>\n<p>Fabric Type<\/td>\n<td width=\"255\">\n<p>Mamul, A\u00e7\u0131ken \u00d6rg\u00fc<\/p>\n<p>Finished, Open Width Knitted Fabrics<\/td>\n<\/tr>\n<tr>\n<td width=\"149\">\n<p>Kuma\u015f Giri\u015fi<\/p>\n<p>Fabric Entry<\/td>\n<td width=\"255\">\n<p>rulo,Pastal<\/p>\n<p>Roll,Plaited<\/td>\n<\/tr>\n<tr>\n<td width=\"149\">\n<p>Kuma\u015f \u00c7\u0131k\u0131\u015f\u0131<\/p>\n<p>Fabric Exit<\/td>\n<td width=\"255\">\n<p>RULO<\/p>\n<p>roll<\/td>\n<\/tr>\n<tr>\n<td width=\"149\">\n<p>Kuma\u015f Eni<\/p>\n<p>Fabric Width<\/td>\n<td width=\"255\">Maksimun 3600 mm<\/td>\n<\/tr>\n<tr>\n<td width=\"149\">\n<p>Kuma\u015f cap\u0131<\/p>\n<p>Fabric Diameter<\/td>\n<td width=\"255\">Maksimum 400 mm<\/td>\n<\/tr>\n<tr>\n<td width=\"149\">\n<p>Elektrik Sarfiyat\u0131<\/p>\n<p>Elect.Consumption<\/td>\n<td width=\"255\">6 kw\/h<\/td>\n<\/tr>\n<tr>\n<td width=\"149\">\n<p>Hava Bas\u0131nc\u0131<\/p>\n<p>Air Pressure<\/td>\n<td width=\"255\">&nbsp;<\/td>\n<\/tr>\n<tr>\n<td width=\"149\">\n<p>\u00c7al\u0131\u015fma H\u0131z\u0131<\/p>\n<p>Working Speed<\/td>\n<td width=\"255\">5-50m\/min.<\/td>\n<\/tr>\n<tr>\n<td width=\"149\">\n<p>Ebatlar\u0131(GxYxD)<\/p>\n<p>Dimensions (WxHxD)<\/td>\n<td width=\"255\">\n<p>Kuma\u015f enine g\u00f6re de\u011fi\u015fir<\/p>\n<p>Varies depending on fabric width<\/td>\n<\/tr>\n<\/tbody>\n<\/table>\n<p><strong>\u00a0<\/strong><\/p>\n<ul>\n<li><strong> A\u00e7\u0131k en ham \u00f6rg\u00fc kuma\u015flar\u0131n esnetmeden kontrol ederek rulo sarma yapan mak<\/strong><strong>a<\/strong><strong>ned<\/strong><strong>\u0131<\/strong><strong>r.<\/strong><\/li>\n<li><strong> Topun metresini \u00f6l\u00e7me ve pr<\/strong><strong>i<\/strong><strong>ntere ba\u011flanarak barkod et<\/strong><strong>i<\/strong><strong>ket yazd\u0131rma <\/strong><strong>i<\/strong><strong>mkan\u0131. <\/strong><\/li>\n<li><strong> Top sar\u0131m d\u00fczg\u00fcnl\u00fc\u011f\u00fcn\u00fcn sa\u011flanmas\u0131 <\/strong><strong>i<\/strong><strong>\u00e7<\/strong><strong>i<\/strong><strong>n kenar tak<\/strong><strong>i<\/strong><strong>p fotosel<\/strong><strong>i<\/strong><strong> mevcuttur.<\/strong><\/li>\n<li><strong>Kontrol panelinde makine \u00e7al\u0131\u015fma h\u0131z\u0131, sar\u0131m s\u0131k\u0131l\u0131\u011f\u0131 ve di\u011fer parametreleri de\u011fi\u015ftirmek olduk\u00e7a kolayd\u0131r.<\/strong><\/li>\n<li><strong> Kuma\u015f b<\/strong><strong>i<\/strong><strong>t<\/strong><strong>i<\/strong><strong>m<\/strong><strong>i<\/strong><strong>nde ve <\/strong><strong>i<\/strong><strong>sten<\/strong><strong>i<\/strong><strong>len metrede mak<\/strong><strong>i<\/strong><strong>ne otomat<\/strong><strong>i<\/strong><strong>k olarak durur. <\/strong><\/li>\n<li><strong> \u00e7e\u015fitli kuma\u015f c<\/strong><strong>i<\/strong><strong>ns<\/strong><strong>leri<\/strong> <strong>i<\/strong><strong>\u00e7<\/strong><strong>i<\/strong><strong>n ayr\u0131 ayr\u0131 kal<\/strong><strong>i<\/strong><strong>brasyon de\u011ferler<\/strong><strong>i<\/strong><strong> tan\u0131mlayab<\/strong><strong>i<\/strong><strong>lme <\/strong><\/li>\n<li><strong> yar\u0131s\u0131 siyah yar\u0131s\u0131 opak lamine cam attan ayd\u0131nlatmal\u0131 kuma\u015f kontrol ekran\u0131 mevcuttur. <\/strong><\/li>\n<li><strong> \u00fcst ayd\u0131nlatma mevcuttur. <\/strong><\/li>\n<li><strong> makinaya sabit kuma\u015f sepeti mevcuttur. <\/strong><\/li>\n<li><strong> kuma\u015f giri\u015finde gergi kelebe\u011fi ve e\u011fri silindir mevcuttur. <\/strong><\/li>\n<li><strong> 0-60 m\/dk Kademes<\/strong><strong>i<\/strong><strong>z h\u0131z kontrol\u00fc . <\/strong><\/li>\n<\/ul>\n<p><strong>\u00a0<\/strong><\/p>\n<p><strong>OPS\u0130YONEL S\u0130STEMLER\u00a0<\/strong><\/p>\n<p><strong>\u00a0<\/strong><\/p>\n<p><strong>\u00a0<\/strong><\/p>\n<ul>\n<li><strong>Kuma\u015f bitiminde paketleme b\u00f6l\u00fcm\u00fcnde tart\u0131 secene\u011fi<\/strong><\/li>\n<li><strong>Kuma\u015f topu veya dokuma makinesindeki bom halindeki kuma\u015f\u0131 kald\u0131rmak i\u00e7in haval\u0131 kald\u0131rma secene\u011fi<\/strong><\/li>\n<li><strong>Kuma\u015f bitimi i\u00e7in diki\u015f ve kesim makinesi secenekleri<\/strong><\/li>\n<li><strong>paslanmaz temizleme havuzu, kuma\u015f \u00fczerindeki pislikler gidermek i\u00e7in solvent b\u00f6l\u00fcm secene\u011fi<\/strong><\/li>\n<li><strong>k\u0131r\u0131\u015f\u0131klar\u0131 olan kuma\u015flarda a\u00e7\u0131c\u0131 silindir gruplar\u0131 secene\u011fi<\/strong><\/li>\n<li><strong>T\u00fcp \u00f6rme kuma\u015flar, makine giri\u015finde bulunan kesme ve a\u00e7ma sistemi ile a\u00e7\u0131k en formada sarma secene\u011fi<\/strong><\/li>\n<li><strong>kuma\u015f giri\u015fine tahrikli rulo bo\u015faltma sistemi ile esnek kuma\u015flar\u0131n tansiyonsuz olarak sar\u0131lma sece\u011fi<\/strong><\/li>\n<li><strong>kontrol ekran\u0131 b\u00fct\u00fcn cam veya siyah ekran sene\u011fi<\/strong><\/li>\n<\/ul>\n<p>&nbsp;<\/p>\n<ul>\n<li>It is a machine that allows open-width raw knitted fabrics to be wrapped in rolls by controlling them without stretching.<\/li>\n<li>Possibility to measure the length of the ball and print barcode labels by connecting to the printer.<\/li>\n<li>There is an edge tracking photocell to ensure proper wrapping of the ball.<\/li>\n<li>It is very easy to change the machine&#8217;s operating speed, winding tightness and other parameters from the control panel.<\/li>\n<li>The machine automatically stops at the end of the fabric and the desired meter.<\/li>\n<li>ability to define separate calibration values for various fabric types<\/li>\n<li>half black, half opaque laminated glass backlit fabric control screen available<\/li>\n<li>Top lighting is available.<\/li>\n<li>There is a fabric basket fixed to the machine.<\/li>\n<li>There is a tension butterfly and curved roller at the fabric entrance.<\/li>\n<li>0-60 m\/min Stepless speed control.<\/li>\n<\/ul>\n<p>&nbsp;<\/p>\n<p>OPTIONAL SYSTEMS<\/p>\n<ul>\n<li>Weighing option in the packaging section at the end of the fabric<\/li>\n<li>Air lift option to lift the fabric roll or fabric from the boom on the weaving machine<\/li>\n<li>Sewing and cutting machine options for fabric finishing<\/li>\n<li>stainless cleaning pool, solvent section option to remove dirt on fabric<\/li>\n<li>Opening roller group option for wrinkled fabrics<\/li>\n<li>Tube knitted fabrics have an open width wrapping option with a cutting and opening system at the machine entrance.<\/li>\n<li>Tension-free winding screen of flexible fabrics with roll unloading system directed to the fabric entrance<\/li>\n<li>control screen full glass or black screen option<\/li>\n<\/ul>\n<p>[\/vc_column_text][\/vc_column][vc_column width=&#8221;1\/2&#8243;][vc_gallery type=&#8221;image_grid&#8221; images=&#8221;3110,3111,3112,3113,3114,3115,3116,3117,3118,3119,3120,3121,3122&#8243; img_size=&#8221;full&#8221;][\/vc_column][\/vc_row]<\/p>\n<\/div>","protected":false},"excerpt":{"rendered":"<p>[vc_row][vc_column width=&#8221;1\/2&#8243;][vc_column_text] UT108 esnek kuma\u015f kontrol ve rulo sarma makinas\u0131 UT108 Flexible Fabric Quality Control Roll Wrapping Machine TEKN\u0130K \u00d6ZELL\u0130KLER \u00a0TECHHICIAL SPECIFICATIONST Kuma\u015fCinsi Fabric Type Mamul, A\u00e7\u0131ken \u00d6rg\u00fc Finished, Open&hellip;<\/p>\n","protected":false},"author":1,"featured_media":0,"parent":0,"menu_order":0,"comment_status":"closed","ping_status":"closed","template":"","meta":{"footnotes":""},"class_list":["post-3016","page","type-page","status-publish","hentry","no-thumb"],"_links":{"self":[{"href":"https:\/\/uysaltekstilmakina.com\/index.php?rest_route=\/wp\/v2\/pages\/3016","targetHints":{"allow":["GET"]}}],"collection":[{"href":"https:\/\/uysaltekstilmakina.com\/index.php?rest_route=\/wp\/v2\/pages"}],"about":[{"href":"https:\/\/uysaltekstilmakina.com\/index.php?rest_route=\/wp\/v2\/types\/page"}],"author":[{"embeddable":true,"href":"https:\/\/uysaltekstilmakina.com\/index.php?rest_route=\/wp\/v2\/users\/1"}],"replies":[{"embeddable":true,"href":"https:\/\/uysaltekstilmakina.com\/index.php?rest_route=%2Fwp%2Fv2%2Fcomments&post=3016"}],"version-history":[{"count":5,"href":"https:\/\/uysaltekstilmakina.com\/index.php?rest_route=\/wp\/v2\/pages\/3016\/revisions"}],"predecessor-version":[{"id":3195,"href":"https:\/\/uysaltekstilmakina.com\/index.php?rest_route=\/wp\/v2\/pages\/3016\/revisions\/3195"}],"wp:attachment":[{"href":"https:\/\/uysaltekstilmakina.com\/index.php?rest_route=%2Fwp%2Fv2%2Fmedia&parent=3016"}],"curies":[{"name":"wp","href":"https:\/\/api.w.org\/{rel}","templated":true}]}}