{"id":3004,"date":"2023-11-27T12:23:09","date_gmt":"2023-11-27T12:23:09","guid":{"rendered":"https:\/\/uysaltekstilmakina.com\/?page_id=3004"},"modified":"2024-10-23T07:16:33","modified_gmt":"2024-10-23T07:16:33","slug":"pastal-sallama-ve-dok-sarim-makinasi","status":"publish","type":"page","link":"https:\/\/uysaltekstilmakina.com\/?page_id=3004","title":{"rendered":"FOTOSELLI\u0307 MASA TI\u0307PI\u0307 TOP SARMA MAKI\u0307NASI"},"content":{"rendered":"<div class=\"wpb-content-wrapper\"><p>[vc_row][vc_column width=&#8221;1\/2&#8243;][vc_column_text]<\/p>\n<table>\n<tbody>\n<tr>\n<td colspan=\"2\" width=\"376\">\n<p><strong>UT112 PART\u0130 HAZIRLAMA ( DOK SARIM ) MAK\u0130NES\u0130<\/strong><\/p>\n<p><strong>UT112 WOVEN FABRIC BATCHING MACHINE<\/strong><\/td>\n<\/tr>\n<tr>\n<td colspan=\"2\" width=\"376\">\n<p><strong>TEKN\u0130K \u00d6ZELL\u0130KLER<\/strong><\/p>\n<p><strong>\u00a0TECHHICIAL SPECIFICATIONST<\/strong><\/td>\n<\/tr>\n<tr>\n<td width=\"149\">\n<p>Kuma\u015fCinsi<\/p>\n<p>Fabric Type<\/td>\n<td width=\"227\">\n<p>Mamul Dokuma<\/p>\n<p>Finished Woven Fabrics<\/td>\n<\/tr>\n<tr>\n<td width=\"149\">\n<p>Kuma\u015f Giri\u015fi<\/p>\n<p>Fabric Entry<\/td>\n<td width=\"227\">\n<p>Rulo<\/p>\n<p>Roll<\/td>\n<\/tr>\n<tr>\n<td width=\"149\">\n<p>Kuma\u015f \u00c7\u0131k\u0131\u015f\u0131<\/p>\n<p>Fabric Exit<\/td>\n<td width=\"227\">\n<p>dok<\/p>\n<p>Big Batch<\/td>\n<\/tr>\n<tr>\n<td width=\"149\">\n<p>Kuma\u015f Eni<\/p>\n<p>Fabric Width<\/td>\n<td width=\"227\">Maksimun 3600 mm<\/td>\n<\/tr>\n<tr>\n<td width=\"149\">\n<p>Kuma\u015f \u00c7ap\u0131<\/p>\n<p>Fabric Diameter<\/td>\n<td width=\"227\">Maksimum 1000 mm<\/td>\n<\/tr>\n<tr>\n<td width=\"149\">\n<p>Elektrik Sarfiyat\u0131<\/p>\n<p>Elect.Consumption<\/td>\n<td width=\"227\">3 kw\/h<\/td>\n<\/tr>\n<tr>\n<td width=\"149\">\n<p>Hava Bas\u0131nc\u0131<\/p>\n<p>Air Pressure<\/td>\n<td width=\"227\">8 bar<\/td>\n<\/tr>\n<tr>\n<td width=\"149\">\n<p>\u00c7al\u0131\u015fma H\u0131z\u0131<\/p>\n<p>Working Speed<\/td>\n<td width=\"227\">5-50m\/min.<\/td>\n<\/tr>\n<tr>\n<td width=\"149\">\n<p>Ebatlar\u0131(GxYxD)<\/p>\n<p>Dimensions (WxHxD)<\/td>\n<td width=\"227\">\n<p>Kuma\u015f enine g\u00f6re de\u011fi\u015fir<\/p>\n<p>Varies depending on fabric width<\/td>\n<\/tr>\n<\/tbody>\n<\/table>\n<p><strong>* Bu makine, boya ve bask\u0131 i\u015flemime haz\u0131rlanan rulo kuma\u015flar\u0131 dok\u2019a sarma makinesidir<\/strong><\/p>\n<ul>\n<li><strong> Topun metresini \u00f6l\u00e7me ve pr<\/strong><strong>i<\/strong><strong>ntere ba\u011flanarak barkod et<\/strong><strong>i<\/strong><strong>ket yazd\u0131rma <\/strong><strong>i<\/strong><strong>mkan\u0131. <\/strong><\/li>\n<li><strong>Kontrol panelinde makine \u00e7al\u0131\u015fma h\u0131z\u0131, sar\u0131m s\u0131k\u0131l\u0131\u011f\u0131 ve di\u011fer parametreleri de\u011fi\u015ftirmek olduk\u00e7a kolayd\u0131r.<\/strong><\/li>\n<li><strong> Kuma\u015f b<\/strong><strong>i<\/strong><strong>t<\/strong><strong>i<\/strong><strong>m<\/strong><strong>i<\/strong><strong>nde ve <\/strong><strong>i<\/strong><strong>sten<\/strong><strong>i<\/strong><strong>len metrede mak<\/strong><strong>i<\/strong><strong>ne otomat<\/strong><strong>i<\/strong><strong>k olarak durur. <\/strong><\/li>\n<li><strong> makinaya sabit kuma\u015f sepeti mevcuttur. <\/strong><\/li>\n<li><strong> kuma\u015f giri\u015finde gergi kelebe\u011fi ve e\u011fri silindir mevcuttur. <\/strong><\/li>\n<\/ul>\n<p><strong>\u00a0\u00a0\u00a0\u00a0\u00a0\u00a0\u00a0\u00a0\u00a0\u00a0\u00a0\u00a0\u00a0\u00a0\u00a0\u00a0\u00a0\u00a0\u00a0\u00a0\u00a0\u00a0\u00a0\u00a0\u00a0\u00a0\u00a0\u00a0\u00a0\u00a0\u00a0\u00a0\u00a0\u00a0\u00a0\u00a0\u00a0\u00a0\u00a0\u00a0\u00a0\u00a0\u00a0\u00a0\u00a0\u00a0\u00a0\u00a0\u00a0\u00a0\u00a0\u00a0\u00a0\u00a0\u00a0\u00a0\u00a0\u00a0\u00a0\u00a0\u00a0\u00a0\u00a0\u00a0\u00a0\u00a0\u00a0\u00a0\u00a0\u00a0\u00a0 <\/strong><\/p>\n<p><strong>\u00a0<\/strong><\/p>\n<p><strong>OPS\u0130YONEL SECENEKLER\u00a0<\/strong><\/p>\n<ul>\n<li><strong> Top sar\u0131m d\u00fczg\u00fcnl\u00fc\u011f\u00fcn\u00fcn sa\u011flanmas\u0131 <\/strong><strong>i<\/strong><strong>\u00e7<\/strong><strong>i<\/strong><strong>n kenar tak<\/strong><strong>i<\/strong><strong>p fotosel<\/strong><strong>i<\/strong><strong> secene\u011fi<\/strong><\/li>\n<\/ul>\n<p><strong>non-stop \u00e7al\u0131\u015fma sa\u011flayan J-Box sistemi se\u00e7ene\u011fi<\/strong><\/p>\n<ul>\n<li><strong> \u00e7e\u015fitli kuma\u015f c<\/strong><strong>i<\/strong><strong>ns<\/strong><strong>leri<\/strong> <strong>i<\/strong><strong>\u00e7<\/strong><strong>i<\/strong><strong>n ayr\u0131 ayr\u0131 kal<\/strong><strong>i<\/strong><strong>brasyon de\u011ferler<\/strong><strong>i<\/strong><strong> tan\u0131mlayab<\/strong><strong>i<\/strong><strong>lme secene\u011fi<\/strong><\/li>\n<li><strong>k\u0131r\u0131\u015f\u0131klar\u0131 olan kuma\u015flarda a\u00e7\u0131c\u0131 silindir gruplar\u0131 secene\u011fi<\/strong><\/li>\n<li><strong>kuma\u015f giri\u015fine tahrikli rulo bo\u015faltma sistemi ile esnek kuma\u015flar\u0131n tansiyonsuz olarak sar\u0131lma sece\u011fi<\/strong><\/li>\n<li><strong>barkot cihaz\u0131 , bilgisayar ve sistem yaz\u0131l\u0131m\u0131 secene\u011fi<\/strong><\/li>\n<\/ul>\n<p>&nbsp;<\/p>\n<p>&nbsp;<\/p>\n<p>&nbsp;<\/p>\n<p>&nbsp;<\/p>\n<p>&nbsp;<\/p>\n<p>&nbsp;<\/p>\n<p>&nbsp;<\/p>\n<p>* This machine is a machine that wraps the fabrics prepared for dyeing and printing on a large roll.<\/p>\n<ul>\n<li>Possibility to measure the length of the ball and print barcode labels by connecting to the printer.<\/li>\n<li>It is very easy to change the machine&#8217;s operating speed, winding tightness and other parameters from the control panel.<\/li>\n<li>The machine automatically stops at the end of the fabric and the desired meter.<\/li>\n<li>There is a fabric basket fixed to the machine.<\/li>\n<li>There is a tension butterfly and curved roller at the fabric entrance.<\/li>\n<\/ul>\n<p>&nbsp;<\/p>\n<p>&nbsp;<\/p>\n<p>OPTIONAL OPTIONS<\/p>\n<ul>\n<li>edge tracking photocell option to ensure homogeneity in fabric wrapping<\/li>\n<li>J-Box system option that provides uninterrupted operation<\/li>\n<li>Option to define separate calibration values for various fabric types<\/li>\n<li>Opening roller group option for wrinkled fabrics<\/li>\n<li>Tension-free wrapping option with roll unloading system directed to the fabric entrance for flexible fabrics<\/li>\n<li>barcode device, computer and system software option<\/li>\n<\/ul>\n<p>[\/vc_column_text][\/vc_column][vc_column width=&#8221;1\/2&#8243;][vc_gallery type=&#8221;image_grid&#8221; images=&#8221;3084,3085,3086,3087,3088&#8243; img_size=&#8221;full&#8221;][\/vc_column][\/vc_row]<\/p>\n<\/div>","protected":false},"excerpt":{"rendered":"<p>[vc_row][vc_column width=&#8221;1\/2&#8243;][vc_column_text] UT112 PART\u0130 HAZIRLAMA ( DOK SARIM ) MAK\u0130NES\u0130 UT112 WOVEN FABRIC BATCHING MACHINE TEKN\u0130K \u00d6ZELL\u0130KLER \u00a0TECHHICIAL SPECIFICATIONST Kuma\u015fCinsi Fabric Type Mamul Dokuma Finished Woven Fabrics Kuma\u015f Giri\u015fi Fabric&hellip;<\/p>\n","protected":false},"author":1,"featured_media":0,"parent":0,"menu_order":0,"comment_status":"closed","ping_status":"closed","template":"","meta":{"footnotes":""},"class_list":["post-3004","page","type-page","status-publish","hentry","no-thumb"],"_links":{"self":[{"href":"https:\/\/uysaltekstilmakina.com\/index.php?rest_route=\/wp\/v2\/pages\/3004","targetHints":{"allow":["GET"]}}],"collection":[{"href":"https:\/\/uysaltekstilmakina.com\/index.php?rest_route=\/wp\/v2\/pages"}],"about":[{"href":"https:\/\/uysaltekstilmakina.com\/index.php?rest_route=\/wp\/v2\/types\/page"}],"author":[{"embeddable":true,"href":"https:\/\/uysaltekstilmakina.com\/index.php?rest_route=\/wp\/v2\/users\/1"}],"replies":[{"embeddable":true,"href":"https:\/\/uysaltekstilmakina.com\/index.php?rest_route=%2Fwp%2Fv2%2Fcomments&post=3004"}],"version-history":[{"count":5,"href":"https:\/\/uysaltekstilmakina.com\/index.php?rest_route=\/wp\/v2\/pages\/3004\/revisions"}],"predecessor-version":[{"id":3201,"href":"https:\/\/uysaltekstilmakina.com\/index.php?rest_route=\/wp\/v2\/pages\/3004\/revisions\/3201"}],"wp:attachment":[{"href":"https:\/\/uysaltekstilmakina.com\/index.php?rest_route=%2Fwp%2Fv2%2Fmedia&parent=3004"}],"curies":[{"name":"wp","href":"https:\/\/api.w.org\/{rel}","templated":true}]}}