{"id":2992,"date":"2023-11-27T12:15:30","date_gmt":"2023-11-27T12:15:30","guid":{"rendered":"https:\/\/uysaltekstilmakina.com\/?page_id=2992"},"modified":"2024-10-23T07:15:27","modified_gmt":"2024-10-23T07:15:27","slug":"transfer-baski-ve-laminasyon-makinasi-2","status":"publish","type":"page","link":"https:\/\/uysaltekstilmakina.com\/?page_id=2992","title":{"rendered":"ARABADAN ARABAYA SALLAMA MAK\u0130NASI"},"content":{"rendered":"<div class=\"wpb-content-wrapper\"><p>[vc_row][vc_column width=&#8221;1\/2&#8243;][vc_column_text]<\/p>\n<table>\n<tbody>\n<tr>\n<td colspan=\"2\" width=\"376\">\n<p><strong>UT113 PART\u0130 HAZIRLAMA ( SALLAMA ) MAK\u0130NES\u0130<\/strong><\/p>\n<p><strong>UT113 LOT PREPARATION ( shake ) \u00a0MACHINE<\/strong><\/td>\n<\/tr>\n<tr>\n<td colspan=\"2\" width=\"376\">\n<p><strong>TEKN\u0130K \u00d6ZELL\u0130KLER<\/strong><\/p>\n<p><strong>\u00a0TECHHICIAL SPECIFICATIONST<\/strong><\/td>\n<\/tr>\n<tr>\n<td width=\"149\">\n<p>Kuma\u015fCinsi<\/p>\n<p>Fabric Type<\/td>\n<td width=\"227\">\u00d6rg\u00fc,Ham, T\u00fcp Kontrol Knitted, Greige, Tube Fabrics<\/td>\n<\/tr>\n<tr>\n<td width=\"149\">\n<p>Kuma\u015f Giri\u015fi<\/p>\n<p>Fabric Entry<\/td>\n<td width=\"227\">\n<p>Rulo<\/p>\n<p>Roll<\/td>\n<\/tr>\n<tr>\n<td width=\"149\">\n<p>Kuma\u015f \u00c7\u0131k\u0131\u015f\u0131<\/p>\n<p>Fabric Exit<\/td>\n<td width=\"227\">\n<p>Pastal<\/p>\n<p>Plaited<\/td>\n<\/tr>\n<tr>\n<td width=\"149\">\n<p>Kuma\u015f Eni<\/p>\n<p>Fabric Width<\/td>\n<td width=\"227\">Maksimun 3600 mm<\/td>\n<\/tr>\n<tr>\n<td width=\"149\">\n<p>Elektrik Sarfiyat\u0131<\/p>\n<p>Elect.Consumption<\/td>\n<td width=\"227\">3.5 kw\/h<\/td>\n<\/tr>\n<tr>\n<td width=\"149\">\n<p>Hava Bas\u0131nc\u0131<\/p>\n<p>Air Pressure<\/td>\n<td width=\"227\">&nbsp;<\/td>\n<\/tr>\n<tr>\n<td width=\"149\">\n<p>\u00c7al\u0131\u015fma H\u0131z\u0131<\/p>\n<p>Working Speed<\/td>\n<td width=\"227\">5-80m\/min.<\/td>\n<\/tr>\n<tr>\n<td width=\"149\">\n<p>Ebatlar\u0131(GxYxD)<\/p>\n<p>Dimensions (WxHxD)<\/td>\n<td width=\"227\">\n<p>Kuma\u015f enine g\u00f6re de\u011fi\u015fir<\/p>\n<p>Varies depending on fabric width<\/td>\n<\/tr>\n<\/tbody>\n<\/table>\n<p>&nbsp;<\/p>\n<p><strong>* Bu makine, dokuma kuma\u015flar\u0131n\u0131 pastal halinde sallayarak a\u00e7an parti haz\u0131rlama makinesidir<\/strong><\/p>\n<ul>\n<li><strong> rulo ve dok halindeki kuma\u015flar\u0131n istenilen y\u00fckseklikte ve uzunlukta salama i\u015flemi yap\u0131l\u0131r<\/strong><\/li>\n<li><strong> Topun metresini \u00f6l\u00e7me ve pr<\/strong><strong>i<\/strong><strong>ntere ba\u011flanarak barkod et<\/strong><strong>i<\/strong><strong>ket yazd\u0131rma <\/strong><strong>i<\/strong><strong>mkan\u0131. <\/strong><\/li>\n<li><strong>Kontrol panelinde makine \u00e7al\u0131\u015fma h\u0131z\u0131, sar\u0131m s\u0131k\u0131l\u0131\u011f\u0131 ve di\u011fer parametreleri de\u011fi\u015ftirmek olduk\u00e7a kolayd\u0131r.<\/strong><\/li>\n<li><strong> Kuma\u015f b<\/strong><strong>i<\/strong><strong>t<\/strong><strong>i<\/strong><strong>m<\/strong><strong>i<\/strong><strong>nde ve <\/strong><strong>i<\/strong><strong>sten<\/strong><strong>i<\/strong><strong>len metrede mak<\/strong><strong>i<\/strong><strong>ne otomat<\/strong><strong>i<\/strong><strong>k olarak durur. <\/strong><\/li>\n<li><strong> \u00fcst ayd\u0131nlatma mevcuttur. <\/strong><\/li>\n<li><strong> makinaya sabit kuma\u015f sepeti mevcuttur. <\/strong><\/li>\n<li><strong> 0-60 m\/dk Kademes<\/strong><strong>i<\/strong><strong>z h\u0131z kontrol\u00fc . <\/strong><\/li>\n<\/ul>\n<p><strong>\u00a0<\/strong><\/p>\n<p><strong>OPS\u0130YONEL SECENEKLER\u00a0<\/strong><\/p>\n<ul>\n<li><strong>paslanmaz temizleme havuzu, kuma\u015f \u00fczerindeki pislikler gidermek i\u00e7in solvent b\u00f6l\u00fcm secene\u011fi<\/strong><\/li>\n<li><strong> yar\u0131s\u0131 siyah yar\u0131s\u0131 opak lamine cam attan ayd\u0131nlatmal\u0131 kuma\u015f kontrol ekran se\u00e7ene\u011fi<\/strong><\/li>\n<li><strong> barkot cihaz\u0131 , bilgisayar ve sistem yaz\u0131l\u0131m\u0131 secene\u011fi<\/strong><\/li>\n<\/ul>\n<p>&nbsp;<\/p>\n<p><strong><\/p>\n<p><\/strong><\/p>\n<p>&nbsp;<\/p>\n<p>&nbsp;<\/p>\n<p>&nbsp;<\/p>\n<p>&nbsp;<\/p>\n<p>* This machine is a batch preparation machine that shakes the woven fabrics and makes them flat.<\/p>\n<ul>\n<li>Roll fabrics are laid at the desired height and length.<\/li>\n<li>Possibility to measure the length of the ball and print barcode labels by connecting to the printer.<\/li>\n<li>It is very easy to change the machine&#8217;s operating speed, winding tightness and other parameters from the control panel.<\/li>\n<li>The machine automatically stops at the end of the fabric and the desired meter.<\/li>\n<li>top lighting is available.<\/li>\n<li>There is a fabric basket fixed to the machine.<\/li>\n<li>0-60 m\/min Stepless speed control.<\/li>\n<\/ul>\n<p>&nbsp;<\/p>\n<p>OPTIONAL OPTIONS<\/p>\n<ul>\n<li>stainless cleaning pool, solvent section option to remove dirt on fabric<\/li>\n<li>Half black, half opaque laminated glass backlit fabric control screen option<\/li>\n<li>barcode device, computer and system software options<\/li>\n<\/ul>\n<p>&nbsp;<\/p>\n<p>&nbsp;[\/vc_column_text][\/vc_column][vc_column width=&#8221;1\/2&#8243;][vc_gallery type=&#8221;image_grid&#8221; images=&#8221;3052,3053,3054,3055,3056,3057,3058&#8243; img_size=&#8221;full&#8221;][\/vc_column][\/vc_row]<\/p>\n<\/div>","protected":false},"excerpt":{"rendered":"<p>[vc_row][vc_column width=&#8221;1\/2&#8243;][vc_column_text] UT113 PART\u0130 HAZIRLAMA ( SALLAMA ) MAK\u0130NES\u0130 UT113 LOT PREPARATION ( shake ) \u00a0MACHINE TEKN\u0130K \u00d6ZELL\u0130KLER \u00a0TECHHICIAL SPECIFICATIONST Kuma\u015fCinsi Fabric Type \u00d6rg\u00fc,Ham, T\u00fcp Kontrol Knitted, Greige, Tube Fabrics&hellip;<\/p>\n","protected":false},"author":1,"featured_media":0,"parent":0,"menu_order":0,"comment_status":"closed","ping_status":"closed","template":"","meta":{"footnotes":""},"class_list":["post-2992","page","type-page","status-publish","hentry","no-thumb"],"_links":{"self":[{"href":"https:\/\/uysaltekstilmakina.com\/index.php?rest_route=\/wp\/v2\/pages\/2992","targetHints":{"allow":["GET"]}}],"collection":[{"href":"https:\/\/uysaltekstilmakina.com\/index.php?rest_route=\/wp\/v2\/pages"}],"about":[{"href":"https:\/\/uysaltekstilmakina.com\/index.php?rest_route=\/wp\/v2\/types\/page"}],"author":[{"embeddable":true,"href":"https:\/\/uysaltekstilmakina.com\/index.php?rest_route=\/wp\/v2\/users\/1"}],"replies":[{"embeddable":true,"href":"https:\/\/uysaltekstilmakina.com\/index.php?rest_route=%2Fwp%2Fv2%2Fcomments&post=2992"}],"version-history":[{"count":5,"href":"https:\/\/uysaltekstilmakina.com\/index.php?rest_route=\/wp\/v2\/pages\/2992\/revisions"}],"predecessor-version":[{"id":3200,"href":"https:\/\/uysaltekstilmakina.com\/index.php?rest_route=\/wp\/v2\/pages\/2992\/revisions\/3200"}],"wp:attachment":[{"href":"https:\/\/uysaltekstilmakina.com\/index.php?rest_route=%2Fwp%2Fv2%2Fmedia&parent=2992"}],"curies":[{"name":"wp","href":"https:\/\/api.w.org\/{rel}","templated":true}]}}