{"id":1333,"date":"2016-10-08T12:58:39","date_gmt":"2016-10-08T12:58:39","guid":{"rendered":"http:\/\/localhost\/factoryplus\/?page_id=1333"},"modified":"2024-04-26T09:51:40","modified_gmt":"2024-04-26T09:51:40","slug":"home-page-3","status":"publish","type":"page","link":"https:\/\/uysaltekstilmakina.com\/","title":{"rendered":"Home Page 3"},"content":{"rendered":"<div class=\"wpb-content-wrapper\"><p>[vc_row full_width=&#8221;stretch_row_content_no_spaces&#8221;][vc_column][rev_slider_vc alias=&#8221;slider_home_page_3&#8243;][\/vc_column][\/vc_row][vc_row css=&#8221;.vc_custom_1478075934507{padding-top: 75px !important;padding-bottom: 50px !important;}&#8221;][vc_column]<div class=\"fp-section-title clearfix  \">\n                <h2>Neden Uysal Tekstil Makina?<\/h2>\n                \n            <\/div>[vc_row_inner][vc_column_inner offset=&#8221;vc_col-lg-4 vc_col-md-12&#8243;]<div class=\"fp-icon-box icon-center dark-version \">\n\t\t\t\t <span class=\"fp-icon\"><i class=\"fa fa-industry\"><\/i><\/span>\n                 <h4>43 Y\u0131ll\u0131k Tecr\u00fcbe<\/h4>\n                <div class=\"sub-title\"><\/div>\n                <div class=\"desc\"><p>Firmam\u0131z, 43 y\u0131ll\u0131k birikimiyle tekstil makinas\u0131 \u00fcretiminde g\u00fc\u00e7l\u00fc bir ge\u00e7mi\u015fe sahip. Uzun y\u0131llar\u0131n deneyimi, m\u00fc\u015fterilerimize yenilik\u00e7i ve y\u00fcksek kaliteli \u00fcr\u00fcnler sunma konusundaki g\u00fcvenimizi peki\u015ftiriyor<\/p>\n<\/div>\n            <\/div>[\/vc_column_inner][vc_column_inner offset=&#8221;vc_col-lg-4 vc_col-md-12&#8243;]<div class=\"fp-icon-box icon-center dark-version \">\n\t\t\t\t <span class=\"fp-icon\"><i class=\"fa fa-cog\"><\/i><\/span>\n                 <h4>500+ Makina<\/h4>\n                <div class=\"sub-title\"><\/div>\n                <div class=\"desc\"><p>Firmam\u0131z, geni\u015f bir \u00fcr\u00fcn yelpazesiyle y\u0131lda 500&#8217;den fazla tekstil makinas\u0131 \u00fcretimi yapt\u0131. M\u00fc\u015fterilerimize \u00e7e\u015fitlilik, kalite ve performans a\u00e7\u0131s\u0131ndan en iyi se\u00e7enekleri sunuyoruz.<\/p>\n<\/div>\n            <\/div>[\/vc_column_inner][vc_column_inner offset=&#8221;vc_col-lg-4 vc_col-md-12&#8243;]<div class=\"fp-icon-box icon-center dark-version \">\n\t\t\t\t <span class=\"fp-icon\"><i class=\"fa fa-certificate\"><\/i><\/span>\n                 <h4>Profesyonel Hizmet<\/h4>\n                <div class=\"sub-title\"><\/div>\n                <div class=\"desc\"><p>Firmam\u0131z, tekstil makinas\u0131 \u00fcretiminde sundu\u011fu profesyonel hizmet ile m\u00fc\u015fterilerine m\u00fckemmel kalite, destek ve \u00e7\u00f6z\u00fcmler sunmaktad\u0131r.<\/p>\n<\/div>\n            <\/div>[\/vc_column_inner][\/vc_row_inner][\/vc_column][\/vc_row][vc_row css=&#8221;.vc_custom_1701091272685{padding-top: 75px !important;padding-bottom: 80px !important;}&#8221; el_id=&#8221;urunler&#8221;][vc_column]<div class=\"fp-section-title clearfix  \">\n                <h2>\u00dcr\u00fcnlerimiz<\/h2>\n                \n            <\/div>[vc_row_inner][vc_column_inner width=&#8221;1\/3&#8243;][vc_single_image image=&#8221;3049&#8243; img_size=&#8221;400&#215;300&#8243;][vc_btn title=&#8221;4 KORI\u0307DORLU KALI\u0307TE KONTROL MAKI\u0307NASI&#8221; color=&#8221;primary&#8221; align=&#8221;center&#8221; button_block=&#8221;true&#8221; link=&#8221;url:https%3A%2F%2Fuysaltekstilmakina.com%2F%3Fpage_id%3D2988&#8243; css=&#8221;.vc_custom_1714120582648{padding-top: 30px !important;}&#8221;][\/vc_column_inner][vc_column_inner width=&#8221;1\/3&#8243;][vc_single_image image=&#8221;3053&#8243; img_size=&#8221;400&#215;300&#8243;][vc_btn title=&#8221;ARABADAN ARABAYA SALLAMA MAK\u0130NASI&#8221; color=&#8221;primary&#8221; align=&#8221;center&#8221; button_block=&#8221;true&#8221; link=&#8221;url:https%3A%2F%2Fuysaltekstilmakina.com%2F%3Fpage_id%3D2992&#8243; css=&#8221;.vc_custom_1714120642351{padding-top: 30px !important;}&#8221;][\/vc_column_inner][vc_column_inner width=&#8221;1\/3&#8243;][vc_single_image image=&#8221;3063&#8243; img_size=&#8221;400&#215;300&#8243;][vc_btn title=&#8221;BRODE KUPON KESME MAKI\u0307NASI&#8221; color=&#8221;primary&#8221; align=&#8221;center&#8221; button_block=&#8221;true&#8221; link=&#8221;url:https%3A%2F%2Fuysaltekstilmakina.com%2F%3Fpage_id%3D2995&#8243; css=&#8221;.vc_custom_1714121238287{padding-top: 30px !important;}&#8221;][\/vc_column_inner][\/vc_row_inner][vc_row_inner][vc_column_inner width=&#8221;1\/3&#8243;][vc_single_image image=&#8221;3074&#8243; img_size=&#8221;400&#215;300&#8243;][vc_btn title=&#8221;DOK SARIM MAKI\u0307NASI&#8221; color=&#8221;primary&#8221; align=&#8221;center&#8221; button_block=&#8221;true&#8221; link=&#8221;url:https%3A%2F%2Fuysaltekstilmakina.com%2F%3Fpage_id%3D2998&#8243; css=&#8221;.vc_custom_1714121540834{padding-top: 30px !important;}&#8221;][\/vc_column_inner][vc_column_inner width=&#8221;1\/3&#8243;][vc_single_image image=&#8221;3080&#8243; img_size=&#8221;400&#215;300&#8243;][vc_btn title=&#8221;E\u015eARP BOY KES\u0130M VE PUNTA MAKI\u0307NASI&#8221; color=&#8221;primary&#8221; align=&#8221;center&#8221; button_block=&#8221;true&#8221; link=&#8221;url:https%3A%2F%2Fuysaltekstilmakina.com%2F%3Fpage_id%3D3001&#8243; css=&#8221;.vc_custom_1714121968924{padding-top: 30px !important;}&#8221;][\/vc_column_inner][vc_column_inner width=&#8221;1\/3&#8243;][vc_single_image image=&#8221;3087&#8243; img_size=&#8221;400&#215;300&#8243;][vc_btn title=&#8221;FOTOSELLI\u0307 MASA TI\u0307PI\u0307 TOP SARMA MAKI\u0307NASI&#8221; color=&#8221;primary&#8221; align=&#8221;center&#8221; button_block=&#8221;true&#8221; link=&#8221;url:https%3A%2F%2Fuysaltekstilmakina.com%2F%3Fpage_id%3D3004&#8243; css=&#8221;.vc_custom_1714122007826{padding-top: 30px !important;}&#8221;][\/vc_column_inner][\/vc_row_inner][vc_row_inner][vc_column_inner width=&#8221;1\/3&#8243;][vc_single_image image=&#8221;3093&#8243; img_size=&#8221;400&#215;300&#8243;][vc_btn title=&#8221;JBOX MAKI\u0307NASI&#8221; color=&#8221;primary&#8221; align=&#8221;center&#8221; button_block=&#8221;true&#8221; link=&#8221;url:https%3A%2F%2Fuysaltekstilmakina.com%2F%3Fpage_id%3D3007&#8243; css=&#8221;.vc_custom_1714122193714{padding-top: 30px !important;}&#8221;][\/vc_column_inner][vc_column_inner width=&#8221;1\/3&#8243;][vc_single_image image=&#8221;3100&#8243; img_size=&#8221;400&#215;300&#8243;][vc_btn title=&#8221;KA\u011eIT D\u0130LLEME MAKI\u0307NASI&#8221; color=&#8221;primary&#8221; align=&#8221;center&#8221; button_block=&#8221;true&#8221; link=&#8221;url:https%3A%2F%2Fuysaltekstilmakina.com%2F%3Fpage_id%3D3010&#8243; css=&#8221;.vc_custom_1714122526357{padding-top: 30px !important;}&#8221;][\/vc_column_inner][vc_column_inner width=&#8221;1\/3&#8243;][vc_single_image image=&#8221;3105&#8243; img_size=&#8221;400&#215;300&#8243;][vc_btn title=&#8221;KALI\u0307TE KONTROL MAKI\u0307NASI&#8221; color=&#8221;primary&#8221; align=&#8221;center&#8221; button_block=&#8221;true&#8221; link=&#8221;url:https%3A%2F%2Fuysaltekstilmakina.com%2F%3Fpage_id%3D3013&#8243; css=&#8221;.vc_custom_1714122721125{padding-top: 30px !important;}&#8221;][\/vc_column_inner][\/vc_row_inner][vc_row_inner][vc_column_inner width=&#8221;1\/3&#8243;][vc_single_image image=&#8221;3122&#8243; img_size=&#8221;400&#215;300&#8243;][vc_btn title=&#8221;KALI\u0307TE KONTROL VE RULO SARMA MAKI\u0307NASI ESNEK&#8221; color=&#8221;primary&#8221; align=&#8221;center&#8221; button_block=&#8221;true&#8221; link=&#8221;url:https%3A%2F%2Fuysaltekstilmakina.com%2F%3Fpage_id%3D3016&#8243; css=&#8221;.vc_custom_1714122892234{padding-top: 30px !important;}&#8221;][\/vc_column_inner][vc_column_inner width=&#8221;1\/3&#8243;][vc_single_image image=&#8221;3130&#8243; img_size=&#8221;400&#215;300&#8243;][vc_btn title=&#8221;KARTELA MAKI\u0307NASI&#8221; color=&#8221;primary&#8221; align=&#8221;center&#8221; button_block=&#8221;true&#8221; link=&#8221;url:https%3A%2F%2Fuysaltekstilmakina.com%2F%3Fpage_id%3D3019&#8243; css=&#8221;.vc_custom_1714123065761{padding-top: 30px !important;}&#8221;][\/vc_column_inner][vc_column_inner width=&#8221;1\/3&#8243;][vc_single_image image=&#8221;3135&#8243; img_size=&#8221;400&#215;300&#8243;][vc_btn title=&#8221;KARTON ROLI\u0307K RULO MAK\u0130NASI&#8221; color=&#8221;primary&#8221; align=&#8221;center&#8221; button_block=&#8221;true&#8221; link=&#8221;url:https%3A%2F%2Fuysaltekstilmakina.com%2F%3Fpage_id%3D3022&#8243; css=&#8221;.vc_custom_1714123397534{padding-top: 30px !important;}&#8221;][\/vc_column_inner][\/vc_row_inner][vc_row_inner][vc_column_inner width=&#8221;1\/3&#8243;][vc_single_image image=&#8221;3146&#8243; img_size=&#8221;400&#215;300&#8243;][vc_btn title=&#8221;KOL\u0130DORLU KAL. KON. SALLAMA MAKI\u0307NASI&#8221; color=&#8221;primary&#8221; align=&#8221;center&#8221; button_block=&#8221;true&#8221; link=&#8221;url:https%3A%2F%2Fuysaltekstilmakina.com%2F%3Fpage_id%3D3025&#8243; css=&#8221;.vc_custom_1714123568077{padding-top: 30px !important;}&#8221;][\/vc_column_inner][vc_column_inner width=&#8221;1\/3&#8243;][vc_single_image image=&#8221;3152&#8243; img_size=&#8221;400&#215;300&#8243;][vc_btn title=&#8221;NAYLON ERI\u0307TME MAKI\u0307NASI&#8221; color=&#8221;primary&#8221; align=&#8221;center&#8221; button_block=&#8221;true&#8221; link=&#8221;url:https%3A%2F%2Fuysaltekstilmakina.com%2F%3Fpage_id%3D3028&#8243; css=&#8221;.vc_custom_1714123861832{padding-top: 30px !important;}&#8221;][\/vc_column_inner][vc_column_inner width=&#8221;1\/3&#8243;][vc_single_image image=&#8221;3160&#8243; img_size=&#8221;400&#215;300&#8243;][vc_btn title=&#8221;PASTAL ALTI KAG\u0306IT MAKI\u0307NASI&#8221; color=&#8221;primary&#8221; align=&#8221;center&#8221; button_block=&#8221;true&#8221; link=&#8221;url:https%3A%2F%2Fuysaltekstilmakina.com%2F%3Fpage_id%3D3031&#8243; css=&#8221;.vc_custom_1714124077718{padding-top: 30px !important;}&#8221;][\/vc_column_inner][\/vc_row_inner][vc_row_inner][vc_column_inner width=&#8221;1\/3&#8243;][vc_single_image image=&#8221;3164&#8243; img_size=&#8221;400&#215;300&#8243;][vc_btn title=&#8221;PASTAL SALLAMA MAKI\u0307NASI&#8221; color=&#8221;primary&#8221; align=&#8221;center&#8221; button_block=&#8221;true&#8221; link=&#8221;url:https%3A%2F%2Fuysaltekstilmakina.com%2F%3Fpage_id%3D3034&#8243; css=&#8221;.vc_custom_1714124259398{padding-top: 30px !important;}&#8221;][\/vc_column_inner][vc_column_inner width=&#8221;1\/3&#8243;][vc_single_image image=&#8221;3170&#8243; img_size=&#8221;400&#215;300&#8243;][vc_btn title=&#8221;TRANSFER BASKI MAKI\u0307NASI 2000M&#8221; color=&#8221;primary&#8221; align=&#8221;center&#8221; button_block=&#8221;true&#8221; link=&#8221;url:https%3A%2F%2Fuysaltekstilmakina.com%2F%3Fpage_id%3D3037&#8243; css=&#8221;.vc_custom_1714124452653{padding-top: 30px !important;}&#8221;][\/vc_column_inner][vc_column_inner width=&#8221;1\/3&#8243;][vc_single_image image=&#8221;3184&#8243; img_size=&#8221;400&#215;300&#8243;][vc_btn title=&#8221;TRANSFER BASKI MAKI\u0307NASI 3600&#8243; color=&#8221;primary&#8221; align=&#8221;center&#8221; button_block=&#8221;true&#8221; link=&#8221;url:https%3A%2F%2Fuysaltekstilmakina.com%2F%3Fpage_id%3D3179&#8243; css=&#8221;.vc_custom_1714124968323{padding-top: 30px !important;}&#8221;][\/vc_column_inner][\/vc_row_inner][\/vc_column][\/vc_row][vc_row enable_parallax=&#8221;yes&#8221; css=&#8221;.vc_custom_1480413042481{padding-top: 70px !important;padding-bottom: 70px !important;background-image: url(http:\/\/demo2.steelthemes.com\/factoryplus\/wp-content\/uploads\/sites\/4\/2016\/11\/count-parallax.jpg?id=2187) !important;}&#8221;][vc_column css=&#8221;.vc_custom_1701077113924{padding-top: 20px !important;}&#8221; offset=&#8221;vc_col-lg-12 vc_col-md-12&#8243;][vc_single_image image=&#8221;2932&#8243; img_size=&#8221;full&#8221;][\/vc_column][\/vc_row][vc_row css=&#8221;.vc_custom_1478076124593{padding-top: 75px !important;padding-bottom: 50px !important;}&#8221;][vc_column][vc_column_text css=&#8221;.vc_custom_1701077167084{margin-bottom: 50px !important;}&#8221;]<\/p>\n<p style=\"text-align: center; color: #272727; font-size: 30px; font-family: 'Montserrat', sans-serif; line-height: 1; font-weight: bold;\">H\u0130ZMETLER\u0130M\u0130Z<\/p>\n<p>[\/vc_column_text][vc_row_inner][vc_column_inner width=&#8221;1\/3&#8243; offset=&#8221;vc_col-lg-4 vc_col-md-6&#8243;][vc_single_image image=&#8221;2935&#8243; img_size=&#8221;full&#8221;][vc_column_text]<\/p>\n<h3 style=\"text-align: center;\"><a href=\"https:\/\/uysaltekstilmakina.com\/?page_id=2952\">TASARIM VE M\u00dcHEND\u0130SL\u0130K<\/a><\/h3>\n<p>[\/vc_column_text][\/vc_column_inner][vc_column_inner width=&#8221;1\/3&#8243; offset=&#8221;vc_col-lg-4 vc_col-md-6&#8243;][vc_single_image image=&#8221;2936&#8243; img_size=&#8221;full&#8221;][vc_column_text]<\/p>\n<h3 style=\"text-align: center;\"><a href=\"https:\/\/uysaltekstilmakina.com\/?page_id=2955\">OTOMASYON VE YAZILIM<\/a><\/h3>\n<p>[\/vc_column_text][\/vc_column_inner][vc_column_inner width=&#8221;1\/3&#8243; offset=&#8221;vc_col-lg-4 vc_col-md-6&#8243;][vc_single_image image=&#8221;2937&#8243; img_size=&#8221;full&#8221;][vc_column_text]<\/p>\n<h3 style=\"text-align: center;\"><a href=\"https:\/\/uysaltekstilmakina.com\/?page_id=2958\">DANI\u015eMANLIK<\/a><\/h3>\n<p>[\/vc_column_text][\/vc_column_inner][\/vc_row_inner][\/vc_column][\/vc_row][vc_row css=&#8221;.vc_custom_1479785993911{padding-top: 55px !important;padding-bottom: 55px !important;background-color: #fac012 !important;}&#8221; el_class=&#8221;main-background-color&#8221;][vc_column]<div class=\"fp-partner clearfix \">\n\t\t\t\t<div class=\"list-item\"><div class=\"partner-item\">\n\t\t\t\t\t\t\t<div class=\"partner-content\"><a  target=\"_self\" ><img decoding=\"async\" alt=\"2939\"  src=\"https:\/\/uysaltekstilmakina.com\/wp-content\/uploads\/2023\/11\/r3.png\"><\/a><\/div>\n\t\t\t\t\t\t<\/div><div class=\"partner-item\">\n\t\t\t\t\t\t\t<div class=\"partner-content\"><a  target=\"_self\" ><img decoding=\"async\" alt=\"2940\"  src=\"https:\/\/uysaltekstilmakina.com\/wp-content\/uploads\/2023\/11\/r4.png\"><\/a><\/div>\n\t\t\t\t\t\t<\/div><div class=\"partner-item\">\n\t\t\t\t\t\t\t<div class=\"partner-content\"><a  target=\"_self\" ><img decoding=\"async\" alt=\"2941\"  src=\"https:\/\/uysaltekstilmakina.com\/wp-content\/uploads\/2023\/11\/r5-1.png\"><\/a><\/div>\n\t\t\t\t\t\t<\/div><div class=\"partner-item\">\n\t\t\t\t\t\t\t<div class=\"partner-content\"><a  target=\"_self\" ><img decoding=\"async\" alt=\"2943\"  src=\"https:\/\/uysaltekstilmakina.com\/wp-content\/uploads\/2023\/11\/r6.png\"><\/a><\/div>\n\t\t\t\t\t\t<\/div><div class=\"partner-item\">\n\t\t\t\t\t\t\t<div class=\"partner-content\"><a  target=\"_self\" ><img decoding=\"async\" alt=\"2944\"  src=\"https:\/\/uysaltekstilmakina.com\/wp-content\/uploads\/2023\/11\/r7.png\"><\/a><\/div>\n\t\t\t\t\t\t<\/div><div class=\"partner-item\">\n\t\t\t\t\t\t\t<div class=\"partner-content\"><a  target=\"_self\" ><img decoding=\"async\" alt=\"2945\"  src=\"https:\/\/uysaltekstilmakina.com\/wp-content\/uploads\/2023\/11\/r8.png\"><\/a><\/div>\n\t\t\t\t\t\t<\/div><div class=\"partner-item\">\n\t\t\t\t\t\t\t<div class=\"partner-content\"><a  target=\"_self\" ><img decoding=\"async\" alt=\"2946\"  src=\"https:\/\/uysaltekstilmakina.com\/wp-content\/uploads\/2023\/11\/r9.png\"><\/a><\/div>\n\t\t\t\t\t\t<\/div><div class=\"partner-item\">\n\t\t\t\t\t\t\t<div class=\"partner-content\"><a  target=\"_self\" ><img decoding=\"async\" alt=\"2947\"  src=\"https:\/\/uysaltekstilmakina.com\/wp-content\/uploads\/2023\/11\/r10.png\"><\/a><\/div>\n\t\t\t\t\t\t<\/div><div class=\"partner-item\">\n\t\t\t\t\t\t\t<div class=\"partner-content\"><a  target=\"_self\" ><img decoding=\"async\" alt=\"2948\"  src=\"https:\/\/uysaltekstilmakina.com\/wp-content\/uploads\/2023\/11\/r1.png\"><\/a><\/div>\n\t\t\t\t\t\t<\/div><div class=\"partner-item\">\n\t\t\t\t\t\t\t<div class=\"partner-content\"><a  target=\"_self\" ><img decoding=\"async\" alt=\"2949\"  src=\"https:\/\/uysaltekstilmakina.com\/wp-content\/uploads\/2023\/11\/r2.png\"><\/a><\/div>\n\t\t\t\t\t\t<\/div><\/div>\n\t\t\t<\/div>[\/vc_column][\/vc_row]<\/p>\n<\/div>","protected":false},"excerpt":{"rendered":"<p>[vc_row full_width=&#8221;stretch_row_content_no_spaces&#8221;][vc_column][rev_slider_vc alias=&#8221;slider_home_page_3&#8243;][\/vc_column][\/vc_row][vc_row css=&#8221;.vc_custom_1478075934507{padding-top: 75px !important;padding-bottom: 50px !important;}&#8221;][vc_column][vc_row_inner][vc_column_inner offset=&#8221;vc_col-lg-4 vc_col-md-12&#8243;][\/vc_column_inner][vc_column_inner offset=&#8221;vc_col-lg-4 vc_col-md-12&#8243;][\/vc_column_inner][vc_column_inner offset=&#8221;vc_col-lg-4 vc_col-md-12&#8243;][\/vc_column_inner][\/vc_row_inner][\/vc_column][\/vc_row][vc_row css=&#8221;.vc_custom_1701091272685{padding-top: 75px !important;padding-bottom: 80px !important;}&#8221; el_id=&#8221;urunler&#8221;][vc_column][vc_row_inner][vc_column_inner width=&#8221;1\/3&#8243;][vc_single_image image=&#8221;3049&#8243; img_size=&#8221;400&#215;300&#8243;][vc_btn title=&#8221;4 KORI\u0307DORLU KALI\u0307TE KONTROL MAKI\u0307NASI&#8221; color=&#8221;primary&#8221; align=&#8221;center&#8221;&hellip;<\/p>\n","protected":false},"author":1,"featured_media":0,"parent":0,"menu_order":0,"comment_status":"closed","ping_status":"closed","template":"template-homepage.php","meta":{"footnotes":""},"class_list":["post-1333","page","type-page","status-publish","hentry","no-thumb"],"_links":{"self":[{"href":"https:\/\/uysaltekstilmakina.com\/index.php?rest_route=\/wp\/v2\/pages\/1333","targetHints":{"allow":["GET"]}}],"collection":[{"href":"https:\/\/uysaltekstilmakina.com\/index.php?rest_route=\/wp\/v2\/pages"}],"about":[{"href":"https:\/\/uysaltekstilmakina.com\/index.php?rest_route=\/wp\/v2\/types\/page"}],"author":[{"embeddable":true,"href":"https:\/\/uysaltekstilmakina.com\/index.php?rest_route=\/wp\/v2\/users\/1"}],"replies":[{"embeddable":true,"href":"https:\/\/uysaltekstilmakina.com\/index.php?rest_route=%2Fwp%2Fv2%2Fcomments&post=1333"}],"version-history":[{"count":22,"href":"https:\/\/uysaltekstilmakina.com\/index.php?rest_route=\/wp\/v2\/pages\/1333\/revisions"}],"predecessor-version":[{"id":3193,"href":"https:\/\/uysaltekstilmakina.com\/index.php?rest_route=\/wp\/v2\/pages\/1333\/revisions\/3193"}],"wp:attachment":[{"href":"https:\/\/uysaltekstilmakina.com\/index.php?rest_route=%2Fwp%2Fv2%2Fmedia&parent=1333"}],"curies":[{"name":"wp","href":"https:\/\/api.w.org\/{rel}","templated":true}]}}